{"id":15,"date":"2018-09-03T20:15:15","date_gmt":"2018-09-03T19:15:15","guid":{"rendered":"http:\/\/appebenin.com\/?page_id=15"},"modified":"2024-05-14T23:41:48","modified_gmt":"2024-05-14T22:41:48","slug":"qui-sommes-nous","status":"publish","type":"page","link":"https:\/\/appebenin.com\/","title":{"rendered":"QUI SOMMES-NOUS?"},"content":{"rendered":"<h2 class=\"titre2\" style=\"text-align: left;\">Historique et\u00a0\u00e9volution<\/h2>\n<p>Enregistr\u00e9e sous le N\u00ba 2018\/047\/SG\/SAG\/SA, l&rsquo;Alliance Pour la Promotion de l&rsquo;Excellence APPE est n\u00e9e comme d\u00e9crit ci dessous:<\/p>\n<p>En 2003 certains ressortissants de la Commune d&rsquo;Adjohoun notamment de l&rsquo;Arrondissement central unis par des liens de scolarit\u00e9 et d&rsquo;appartenance \u00e0 d&rsquo;autres association par le pass\u00e9 ont d\u00e9cid\u00e9 de se mettre ensemble.<\/p>\n<p>En effet ayant de plus en plus des occasions de rencontre lors d&rsquo;\u00e9v\u00e9nements sociaux ces bonnes volont\u00e9s ont d\u00e9cid\u00e9 d&rsquo;apporter leur contribution \u00e0 l&rsquo;encouragement et \u00e0 la promotion des \u00e9coliers et \u00e9l\u00e8ves d&rsquo;Adjohoun.<\/p>\n<p>Ce choix est le resultat d&rsquo;un diagnostic minutieux fait par le groupe vu le faible niveau des apprenants au plan national et dans la localit\u00e9.<\/p>\n<p>Alors ces sept fr\u00e8res \u00e9pris d&rsquo;esprit de solidarit\u00e9 et de gratitude vis-\u00e0-vis de leur terre natale ont entrepris de cr\u00e9er une amicale, APPE ( Amicale Pour la Promotion de l&rsquo;Excellence ) \u00e0 cet effet en 2004.<\/p>\n<p>Cette m\u00eame ann\u00e9e 2004, notre amicale a fait sa premi\u00e8re sortie par :<\/p>\n<ul>\n<li>l&rsquo;organisation d&rsquo;une conf\u00e9rence de sensibilisation des acteurs de l&rsquo;\u00e9ducation d&rsquo;Adjohoun<\/li>\n<li>la distribution de prix aux meilleurs \u00e9coliers et \u00e9l\u00e8ves de l Arrondissement central<\/li>\n<li>la distinction des meilleures filles<\/li>\n<li>la r\u00e9compense du 1er au CEP de la commune originaire d&rsquo;une \u00e9cole Azowliss\u00e8.<\/li>\n<li>l&rsquo;encouragement des dirigeants des \u00e9coles et coll\u00e8ge par des ouvrages scolaires.<\/li>\n<\/ul>\n<p>Cette amicale avec le temps s&rsquo;est mu\u00e9e 2018 en Alliance (Alliance Pour la Promotion de l&rsquo;Excellence) pour tenir compte des evolutions qu&rsquo;elle connait.<\/p>\n<h2 class=\"titre2\">Objectif g\u00e9n\u00e9ral<\/h2>\n<p>Alliance pour la Promotion de l&rsquo;Excellence (APPE) est une association qui a pour objectif general de concevoir et de mettre en oeuvre toute action s&rsquo;inscrivant dans le cadre de la promotion de l&rsquo;excellence.<\/p>\n<h2 class=\"titre2\">Objectifs sp\u00e9cifiques<\/h2>\n<ul>\n<li>distribuer des prix aux ecoliers et el\u00e8ves les plus m\u00e9ritants des \u00e9coles et colleges<\/li>\n<li>recompenser les enseignants ayant fait montre d&rsquo;une efficacit\u00e9 et d&rsquo;une conscience professionnelle remarquable au cours d&rsquo;une annee scolaire, de par l&rsquo;excellence des resultats de leurs ecoliers et \u00e9leves<\/li>\n<li>recompenser les meilleurs paysans, ouvriers, artisans, commercants, fonctionnaires et \u00e9quipes sportives.<\/li>\n<li>soutenir tout projet et\/ou entreprise qui s&rsquo;inscrit dans le cadre de la valorisation de notre milieu ou de la promotion de l&rsquo;excellence sous ses diverses formes.<\/li>\n<\/ul>\n<h2 class=\"titre2\"><img loading=\"lazy\" decoding=\"async\" class=\"wp-image-17  alignright\" src=\"https:\/\/appebenin.com\/wp-content\/uploads\/2018\/09\/nos-membres-membres-fondateurs-1024x576.jpg\" alt=\"Nos membres fondateurs\" width=\"475\" height=\"267\" srcset=\"https:\/\/appebenin.com\/wp-content\/uploads\/2018\/09\/nos-membres-membres-fondateurs.jpg 1024w, https:\/\/appebenin.com\/wp-content\/uploads\/2018\/09\/nos-membres-membres-fondateurs-300x169.jpg 300w, https:\/\/appebenin.com\/wp-content\/uploads\/2018\/09\/nos-membres-membres-fondateurs-768x432.jpg 768w\" sizes=\"auto, (max-width: 475px) 100vw, 475px\" \/>Les membres fondateurs<\/h2>\n<p>Les Sept fr\u00e8res qui ont fond\u00e9 l&rsquo; APPE ont pour nom:<\/p>\n<ol>\n<li>Pierre ALLIANVI (D\u00e9c\u00e9d\u00e9)<\/li>\n<li>Emile BOGNON<\/li>\n<li>Roger DAH-ACHINANON<\/li>\n<li>\u00a0Justin DANSOU<\/li>\n<li>Yves FADJINOU<\/li>\n<li>Dieudonn\u00e9 HODONOU (D\u00e9c\u00e9d\u00e9 le 18 Novembre 2016)<\/li>\n<li>Apollinaire HONTONNOU<\/li>\n<\/ol>\n<div class=\"grand\"><a href=\"https:\/\/appebenin.com\/index.php\/nos-membres\/\">En savoir plus sur nos membres<\/a><\/div>\n","protected":false},"excerpt":{"rendered":"<p>Historique et\u00a0\u00e9volution Enregistr\u00e9e sous le N\u00ba 2018\/047\/SG\/SAG\/SA, l&rsquo;Alliance Pour la Promotion de l&rsquo;Excellence APPE est n\u00e9e comme d\u00e9crit ci dessous:<\/p>\n","protected":false},"author":1,"featured_media":0,"parent":0,"menu_order":0,"comment_status":"closed","ping_status":"closed","template":"","meta":{"colormag_page_container_layout":"default_layout","colormag_page_sidebar_layout":"default_layout","_themeisle_gutenberg_block_has_review":false,"footnotes":""},"class_list":["post-15","page","type-page","status-publish","hentry"],"_links":{"self":[{"href":"https:\/\/appebenin.com\/index.php\/wp-json\/wp\/v2\/pages\/15","targetHints":{"allow":["GET"]}}],"collection":[{"href":"https:\/\/appebenin.com\/index.php\/wp-json\/wp\/v2\/pages"}],"about":[{"href":"https:\/\/appebenin.com\/index.php\/wp-json\/wp\/v2\/types\/page"}],"author":[{"embeddable":true,"href":"https:\/\/appebenin.com\/index.php\/wp-json\/wp\/v2\/users\/1"}],"replies":[{"embeddable":true,"href":"https:\/\/appebenin.com\/index.php\/wp-json\/wp\/v2\/comments?post=15"}],"version-history":[{"count":15,"href":"https:\/\/appebenin.com\/index.php\/wp-json\/wp\/v2\/pages\/15\/revisions"}],"predecessor-version":[{"id":1158,"href":"https:\/\/appebenin.com\/index.php\/wp-json\/wp\/v2\/pages\/15\/revisions\/1158"}],"wp:attachment":[{"href":"https:\/\/appebenin.com\/index.php\/wp-json\/wp\/v2\/media?parent=15"}],"curies":[{"name":"wp","href":"https:\/\/api.w.org\/{rel}","templated":true}]}}