{"id":189,"date":"2018-10-02T11:44:42","date_gmt":"2018-10-02T10:44:42","guid":{"rendered":"https:\/\/appebenin.com\/?page_id=189"},"modified":"2018-10-02T11:44:42","modified_gmt":"2018-10-02T10:44:42","slug":"discours-du-president-lors-de-la-distribution-de-prix-du-22-septembre-2018","status":"publish","type":"page","link":"https:\/\/appebenin.com\/index.php\/discours-du-president-lors-de-la-distribution-de-prix-du-22-septembre-2018\/","title":{"rendered":"Discours du pr\u00e9sident lors de la distribution de prix du 22 Septembre 2018"},"content":{"rendered":"<p>L\u2019Alliance pour la Promotion de l\u2019Excellence, APPE est une ONG de la loi 1901 cr\u00e9\u00e9e depuis 2004 par sept fr\u00e8res-amis pour apporter leur contribution particuli\u00e8rement aux apprenants d\u2019ADJOHOUN et environs et plus largement aux diff\u00e9rents secteurs socio-culturels et \u00e9conomiques de la r\u00e9gion.<\/p>\n<p>Enregistr\u00e9e sous le No 2018\/047\/SG\/SAG\/SA du 26\/04\/18 elle a, \u00e0 son actif des interventions en faveur des \u00e9coliers et \u00e9l\u00e8ves des \u00e9coles et<br \/>\ncoll\u00e8ges d\u2019Adjohoun, en 2004, 2005 et 2015 Sa collaboration avec l\u2019ALB, une association fran\u00e7aise sur le Centre des handicap\u00e9s visuels d&rsquo;Adjohoun (CPPR) lui a permis depuis 2016 d\u2019apporter son soutien moral et technique \u00e0 ce centre et de t\u00e9moigner la reconnaissance de tout Adjohoun aux amis Fran\u00e7ais qui perp\u00e9tuent la tr\u00e8s louable initiative de notre feu fr\u00e8re DOSSOU Ousmane.<\/p>\n<p>Nos diff\u00e9rentes activit\u00e9s ont \u00e9t\u00e9 r\u00e9sum\u00e9es dans la rubrique <a href=\"https:\/\/appebenin.com\/index.php\/nos-activites\/\">ACTIVIT\u00c9S<\/a> sur notre site web <a href=\"https:\/\/appebenin.com\">appebenin.com<\/a>.<\/p>\n<p>Apr\u00e8s une p\u00e9riode de l\u00e9thargie ind\u00e9pendante de notre volont\u00e9 nous renouons avec nos interventions dans le cadre de la promotion de l\u2019excellence sur plusieurs volets.<\/p>\n<p>C\u2019est dans cette optique que se d\u00e9roule ce jour 22 Septembre 2018 une c\u00e9r\u00e9monie de distribution de prix aux 3 premiers des \u00e9coles et coll\u00e8ges admis aux examens 2018 du CEP, BEPC et BAC dans l\u2019arrondissement d\u2019Adjohoun. Nous primerons aussi les Premiers de la commune d\u2019Adjohoun \u00e0 ces 3 examens.<\/p>\n<p>Nous prenons les dispositions pour que les \u00e9ditions se succ\u00e8dent sans interruption et s\u2019 \u00e9tendent \u00e0 d\u2019 autres domaines de la vie socio culturelle et \u00e9ducative de notre arrondissement voir de notre commune. Nous remercions toutes celles et tous ceux qui, de diverses mani\u00e8res, nous ont soutenus et encourag\u00e9s \u00e0 la r\u00e9alisation de cette \u00e9dition de relance. La liste de certains figurent en annexe de ce document.<\/p>\n<p>VIVE L\u2019APPE !<br \/>\nMerci.<br \/>\nLe pr\u00e9sident.<\/p>\n","protected":false},"excerpt":{"rendered":"<p>L\u2019Alliance pour la Promotion de l\u2019Excellence, APPE est une ONG de la loi 1901 cr\u00e9\u00e9e depuis 2004 par sept fr\u00e8res-amis<\/p>\n","protected":false},"author":1,"featured_media":0,"parent":0,"menu_order":0,"comment_status":"closed","ping_status":"closed","template":"","meta":{"colormag_page_container_layout":"default_layout","colormag_page_sidebar_layout":"default_layout","_themeisle_gutenberg_block_has_review":false,"footnotes":""},"class_list":["post-189","page","type-page","status-publish","hentry"],"_links":{"self":[{"href":"https:\/\/appebenin.com\/index.php\/wp-json\/wp\/v2\/pages\/189","targetHints":{"allow":["GET"]}}],"collection":[{"href":"https:\/\/appebenin.com\/index.php\/wp-json\/wp\/v2\/pages"}],"about":[{"href":"https:\/\/appebenin.com\/index.php\/wp-json\/wp\/v2\/types\/page"}],"author":[{"embeddable":true,"href":"https:\/\/appebenin.com\/index.php\/wp-json\/wp\/v2\/users\/1"}],"replies":[{"embeddable":true,"href":"https:\/\/appebenin.com\/index.php\/wp-json\/wp\/v2\/comments?post=189"}],"version-history":[{"count":1,"href":"https:\/\/appebenin.com\/index.php\/wp-json\/wp\/v2\/pages\/189\/revisions"}],"predecessor-version":[{"id":190,"href":"https:\/\/appebenin.com\/index.php\/wp-json\/wp\/v2\/pages\/189\/revisions\/190"}],"wp:attachment":[{"href":"https:\/\/appebenin.com\/index.php\/wp-json\/wp\/v2\/media?parent=189"}],"curies":[{"name":"wp","href":"https:\/\/api.w.org\/{rel}","templated":true}]}}